{"id":18832,"date":"2019-09-13T07:53:56","date_gmt":"2019-09-13T05:53:56","guid":{"rendered":"https:\/\/kimasrilanka.wpengine.com\/dsgvo-erklarung\/"},"modified":"2026-01-24T12:58:59","modified_gmt":"2026-01-24T11:58:59","slug":"dsgvo-erklarung","status":"publish","type":"page","link":"https:\/\/kimasurfsrilanka.com\/de\/dsgvo-erklarung\/","title":{"rendered":"DSGVO-Erkl\u00e4rung"},"content":{"rendered":"\t\t<div data-elementor-type=\"wp-post\" data-elementor-id=\"18832\" class=\"elementor elementor-18832 elementor-10339\" data-elementor-settings=\"[]\">\n\t\t\t<div class=\"elementor-inner\">\n\t\t\t\t<div class=\"elementor-section-wrap\">\n\t\t\t\t\t\t\t<section class=\"elementor-element elementor-element-dc6e533 elementor-section-stretched elementor-section-full_width elementor-section-height-default elementor-section-height-default elementor-section elementor-top-section\" data-id=\"dc6e533\" data-element_type=\"section\" data-settings=\"{&quot;stretch_section&quot;:&quot;section-stretched&quot;,&quot;background_background&quot;:&quot;classic&quot;}\">\n\t\t\t\t\t\t<div class=\"elementor-container elementor-column-gap-default\">\n\t\t\t\t<div class=\"elementor-row\">\n\t\t\t\t<div class=\"elementor-element elementor-element-b56c374 elementor-column elementor-col-100 elementor-top-column\" data-id=\"b56c374\" data-element_type=\"column\">\n\t\t\t<div class=\"elementor-column-wrap  elementor-element-populated\">\n\t\t\t\t\t<div class=\"elementor-widget-wrap\">\n\t\t\t\t<div class=\"elementor-element elementor-element-50e265d elementor-widget elementor-widget-stage2\" data-id=\"50e265d\" data-element_type=\"widget\" data-widget_type=\"stage2.default\">\n\t\t\t\t<div class=\"elementor-widget-container\">\n\t\t\t<div class='stage stage2'><div class='text_container'><h1  style='text-align: center'>DSGVO-ERKL\u00c4RUNG<\/h1><\/div><img src=\"https:\/\/kimasurfsri.wpengine.com\/wp-content\/uploads\/2019\/09\/Kima_Surf_Header_About_Us-1.jpg\" class=\"stageImage\"><\/div>\t\t<\/div>\n\t\t\t\t<\/div>\n\t\t\t\t\t\t<\/div>\n\t\t\t<\/div>\n\t\t<\/div>\n\t\t\t\t\t\t<\/div>\n\t\t\t<\/div>\n\t\t<\/section>\n\t\t\t\t<section class=\"elementor-element elementor-element-c64d54c animated-slow elementor-section-boxed elementor-section-height-default elementor-section-height-default elementor-invisible elementor-section elementor-top-section\" data-id=\"c64d54c\" data-element_type=\"section\" data-settings=\"{&quot;animation&quot;:&quot;fadeIn&quot;}\">\n\t\t\t\t\t\t<div class=\"elementor-container elementor-column-gap-default\">\n\t\t\t\t<div class=\"elementor-row\">\n\t\t\t\t<div class=\"elementor-element elementor-element-75ef201 elementor-column elementor-col-100 elementor-top-column\" data-id=\"75ef201\" data-element_type=\"column\">\n\t\t\t<div class=\"elementor-column-wrap  elementor-element-populated\">\n\t\t\t\t\t<div class=\"elementor-widget-wrap\">\n\t\t\t\t<div class=\"elementor-element elementor-element-9394adb elementor-widget elementor-widget-jet-headline\" data-id=\"9394adb\" data-element_type=\"widget\" data-widget_type=\"jet-headline.default\">\n\t\t\t\t<div class=\"elementor-widget-container\">\n\t\t\t<h2 class=\"jet-headline jet-headline--direction-horizontal\"><span class=\"jet-headline__part jet-headline__first\"><span class=\"jet-headline__label\">WAS IST DIE <\/span><\/span><span class=\"jet-headline__space\">&nbsp;<\/span><span class=\"jet-headline__part jet-headline__second\"><span class=\"jet-headline__label\">DSGVO?<\/span><\/span><\/h2>\t\t<\/div>\n\t\t\t\t<\/div>\n\t\t\t\t<div class=\"elementor-element elementor-element-369eb22 elementor-widget elementor-widget-divider\" data-id=\"369eb22\" data-element_type=\"widget\" data-widget_type=\"divider.default\">\n\t\t\t\t<div class=\"elementor-widget-container\">\n\t\t\t\t\t<div class=\"elementor-divider\">\n\t\t\t<span class=\"elementor-divider-separator\">\n\t\t\t\t\t\t<\/span>\n\t\t<\/div>\n\t\t\t\t<\/div>\n\t\t\t\t<\/div>\n\t\t\t\t<div class=\"elementor-element elementor-element-8c334bd elementor-widget elementor-widget-text-editor\" data-id=\"8c334bd\" data-element_type=\"widget\" data-widget_type=\"text-editor.default\">\n\t\t\t\t<div class=\"elementor-widget-container\">\n\t\t\t\t\t<div class=\"elementor-text-editor elementor-clearfix\"><p class=\"p1\">Das Datenschutzgesetz (DSGVO) gilt als die wichtigste \u00c4nderung der europ\u00e4ischen Datenschutzgesetzgebung der letzen 20 Jahren und ersetzt die Datenschutzrichtlinien von 1995.<\/p>\n<p class=\"p1\">Die Datenschutz-Grundverordnung regelt die Verarbeitung personenbezogener Daten von Einzelpersonen in der Europ\u00e4ischen Union, einschlie\u00dflich ihrer Erfassung, Speicherung, \u00dcbertragung oder Nutzung. Der Begriff \u201epersonenbezogene Daten\u201c ist nach der DSGVO sehr weit gefasst und deckt alle Informationen ab, die sich auf eine identifizierte oder identifizierbare nat\u00fcrliche Person beziehen (auch \u201ebetroffene Person\u201c genannt).<\/p>\n<p class=\"p1\">Sie gibt den betroffenen Personen mehr Rechte und Kontrolle \u00fcber ihre Daten, indem sie regelt, wie Unternehmen mit den von ihnen erfassten personenbezogenen Daten umgehen und diese speichern sollen. Die DSGVO erh\u00f6ht auch die Anforderungen an die Einhaltung, indem sie die Durchsetzung verst\u00e4rkt und h\u00f6here Geldbu\u00dfen verh\u00e4ngt, falls die Bestimmungen der DSGVO verletzt werden sollten.<\/p>\n<p class=\"p1\">Insbesondere verpflichtet sich Kima Surf zu Folgendem:<\/p>\n<p class=\"p1\">Transparenz: Die aktualisierte Datenschutzrichtlinien sind in einfacher Sprache verfasst, die leicht verst\u00e4ndlich ist und klar definiert, auf welche Weise personenbezogene Daten als Teil unserer Dienstleistung verwendet warden.<\/p>\n<p class=\"p1\">Zustimmung: Die Einwilligung muss freiwillig erfolgen, spezifisch, informiert und eindeutig f\u00fcr die Nutzung personenbezogener Daten \u00fcber unsere Plattform und unseren Service sein.<\/p>\n<p class=\"p1\">Kontrolle: Kunden und deren Kunden k\u00f6nnen zu jedem Zeitpunkt Zugriff auf Daten anfordern, die in unserem System gespeichert sind, und auf Wunsch die L\u00f6schung dieser Daten anfordern.<\/p>\n<p class=\"p1\">Rechenschaftspflicht: Es werden alle Anstrengungen unternommen, um die Sicherheit personenbezogener Daten zu gew\u00e4hrleisten. Im Falle einer Datenverletzung m\u00fcssen die zust\u00e4ndigen Aufsichtsbeh\u00f6rden jedoch innerhalb von 72 Stunden \u00fcber den Versto\u00df informiert werden<\/p>\n<p class=\"p1\">Wenn Sie Fragen haben, z\u00f6gern Sie bitte nicht, uns unter\u00a0<span class=\"s1\">info@kimasurf.com<\/span>\u00a0zu kontaktieren.<\/p>\n<\/div>\n\t\t\t\t<\/div>\n\t\t\t\t<\/div>\n\t\t\t\t\t\t<\/div>\n\t\t\t<\/div>\n\t\t<\/div>\n\t\t\t\t\t\t<\/div>\n\t\t\t<\/div>\n\t\t<\/section>\n\t\t\t\t\t\t<\/div>\n\t\t\t<\/div>\n\t\t<\/div>\n\t\t","protected":false},"excerpt":{"rendered":"<p>WAS IST DIE &nbsp;DSGVO? Das Datenschutzgesetz (DSGVO) gilt als die wichtigste \u00c4nderung der europ\u00e4ischen Datenschutzgesetzgebung der letzen 20 Jahren und ersetzt die Datenschutzrichtlinien von 1995. Die Datenschutz-Grundverordnung regelt die Verarbeitung personenbezogener Daten von Einzelpersonen in der Europ\u00e4ischen Union, einschlie\u00dflich ihrer Erfassung, Speicherung, \u00dcbertragung oder Nutzung. Der Begriff \u201epersonenbezogene Daten\u201c ist nach der DSGVO sehr weit [&hellip;]<\/p>\n","protected":false},"author":4,"featured_media":18554,"parent":0,"menu_order":0,"comment_status":"closed","ping_status":"closed","template":"elementor_header_footer","meta":{"_custom_body_class":"","_custom_post_class":""},"yoast_head":"<!-- This site is optimized with the Yoast SEO plugin v16.3 - https:\/\/yoast.com\/wordpress\/plugins\/seo\/ -->\n<title>DSGVO-Erkl\u00e4rung Kima Surf Sri Lanka<\/title>\n<meta name=\"description\" content=\"Kima Surf verpflichtet sich zur Wahrung der DSGVO und dem Schutz deiner pers\u00f6nlichen Daten. Was das hei\u00dft, liest du hier.\" \/>\n<meta name=\"robots\" content=\"index, follow, max-snippet:-1, max-image-preview:large, max-video-preview:-1\" \/>\n<link rel=\"canonical\" href=\"https:\/\/kimasurfsrilanka.com\/de\/dsgvo-erklarung\/\" \/>\n<meta property=\"og:locale\" content=\"de_DE\" \/>\n<meta property=\"og:type\" content=\"article\" \/>\n<meta property=\"og:title\" content=\"DSGVO-Erkl\u00e4rung Kima Surf Sri Lanka\" \/>\n<meta property=\"og:description\" content=\"Kima Surf verpflichtet sich zur Wahrung der DSGVO und dem Schutz deiner pers\u00f6nlichen Daten. Was das hei\u00dft, liest du hier.\" \/>\n<meta property=\"og:url\" content=\"https:\/\/kimasurfsrilanka.com\/de\/dsgvo-erklarung\/\" \/>\n<meta property=\"og:site_name\" content=\"KIMASURF 2019\" \/>\n<meta property=\"article:modified_time\" content=\"2026-01-24T11:58:59+00:00\" \/>\n<meta property=\"og:image\" content=\"https:\/\/kimasurfsrilanka.com\/wp-content\/uploads\/2019\/09\/Kima_Surf_Header_About_Us-1.jpg\" \/>\n\t<meta property=\"og:image:width\" content=\"2044\" \/>\n\t<meta property=\"og:image:height\" content=\"840\" \/>\n<meta name=\"twitter:card\" content=\"summary_large_image\" \/>\n<meta name=\"twitter:label1\" content=\"Est. reading time\">\n\t<meta name=\"twitter:data1\" content=\"2 minutes\">\n<script type=\"application\/ld+json\" class=\"yoast-schema-graph\">{\"@context\":\"https:\/\/schema.org\",\"@graph\":[{\"@type\":\"WebSite\",\"@id\":\"https:\/\/kimasurfsrilanka.com\/#website\",\"url\":\"https:\/\/kimasurfsrilanka.com\/\",\"name\":\"KIMASURF 2019\",\"description\":\"\",\"potentialAction\":[{\"@type\":\"SearchAction\",\"target\":\"https:\/\/kimasurfsrilanka.com\/?s={search_term_string}\",\"query-input\":\"required name=search_term_string\"}],\"inLanguage\":\"de-DE\"},{\"@type\":\"ImageObject\",\"@id\":\"https:\/\/kimasurfsrilanka.com\/de\/dsgvo-erklarung\/#primaryimage\",\"inLanguage\":\"de-DE\",\"url\":\"https:\/\/kimasurfsrilanka.com\/wp-content\/uploads\/2019\/09\/Kima_Surf_Header_About_Us-1.jpg\",\"contentUrl\":\"https:\/\/kimasurfsrilanka.com\/wp-content\/uploads\/2019\/09\/Kima_Surf_Header_About_Us-1.jpg\",\"width\":2044,\"height\":840},{\"@type\":\"WebPage\",\"@id\":\"https:\/\/kimasurfsrilanka.com\/de\/dsgvo-erklarung\/#webpage\",\"url\":\"https:\/\/kimasurfsrilanka.com\/de\/dsgvo-erklarung\/\",\"name\":\"DSGVO-Erkl\\u00e4rung Kima Surf Sri Lanka\",\"isPartOf\":{\"@id\":\"https:\/\/kimasurfsrilanka.com\/#website\"},\"primaryImageOfPage\":{\"@id\":\"https:\/\/kimasurfsrilanka.com\/de\/dsgvo-erklarung\/#primaryimage\"},\"datePublished\":\"2019-09-13T05:53:56+00:00\",\"dateModified\":\"2026-01-24T11:58:59+00:00\",\"description\":\"Kima Surf verpflichtet sich zur Wahrung der DSGVO und dem Schutz deiner pers\\u00f6nlichen Daten. Was das hei\\u00dft, liest du hier.\",\"breadcrumb\":{\"@id\":\"https:\/\/kimasurfsrilanka.com\/de\/dsgvo-erklarung\/#breadcrumb\"},\"inLanguage\":\"de-DE\",\"potentialAction\":[{\"@type\":\"ReadAction\",\"target\":[\"https:\/\/kimasurfsrilanka.com\/de\/dsgvo-erklarung\/\"]}]},{\"@type\":\"BreadcrumbList\",\"@id\":\"https:\/\/kimasurfsrilanka.com\/de\/dsgvo-erklarung\/#breadcrumb\",\"itemListElement\":[{\"@type\":\"ListItem\",\"position\":1,\"item\":{\"@type\":\"WebPage\",\"@id\":\"https:\/\/kimasurfsrilanka.com\/de\/\",\"url\":\"https:\/\/kimasurfsrilanka.com\/de\/\",\"name\":\"Startseite\"}},{\"@type\":\"ListItem\",\"position\":2,\"item\":{\"@id\":\"https:\/\/kimasurfsrilanka.com\/de\/dsgvo-erklarung\/#webpage\"}}]}]}<\/script>\n<!-- \/ Yoast SEO plugin. -->","_links":{"self":[{"href":"https:\/\/kimasurfsrilanka.com\/de\/wp-json\/wp\/v2\/pages\/18832"}],"collection":[{"href":"https:\/\/kimasurfsrilanka.com\/de\/wp-json\/wp\/v2\/pages"}],"about":[{"href":"https:\/\/kimasurfsrilanka.com\/de\/wp-json\/wp\/v2\/types\/page"}],"author":[{"embeddable":true,"href":"https:\/\/kimasurfsrilanka.com\/de\/wp-json\/wp\/v2\/users\/4"}],"replies":[{"embeddable":true,"href":"https:\/\/kimasurfsrilanka.com\/de\/wp-json\/wp\/v2\/comments?post=18832"}],"version-history":[{"count":0,"href":"https:\/\/kimasurfsrilanka.com\/de\/wp-json\/wp\/v2\/pages\/18832\/revisions"}],"wp:featuredmedia":[{"embeddable":true,"href":"https:\/\/kimasurfsrilanka.com\/de\/wp-json\/wp\/v2\/media\/18554"}],"wp:attachment":[{"href":"https:\/\/kimasurfsrilanka.com\/de\/wp-json\/wp\/v2\/media?parent=18832"}],"curies":[{"name":"wp","href":"https:\/\/api.w.org\/{rel}","templated":true}]}}