{"id":19072,"date":"2019-09-17T16:28:33","date_gmt":"2019-09-17T14:28:33","guid":{"rendered":"https:\/\/kimasrilanka.wpengine.com\/leben-auf-sri-lanka\/"},"modified":"2026-01-24T06:22:48","modified_gmt":"2026-01-24T05:22:48","slug":"leben-auf-sri-lanka","status":"publish","type":"page","link":"https:\/\/kimasurfsrilanka.com\/de\/leben-auf-sri-lanka\/","title":{"rendered":"Leben auf Sri Lanka"},"content":{"rendered":"\t\t<div data-elementor-type=\"wp-post\" data-elementor-id=\"19072\" class=\"elementor elementor-19072 elementor-9869\" data-elementor-settings=\"[]\">\n\t\t\t<div class=\"elementor-inner\">\n\t\t\t\t<div class=\"elementor-section-wrap\">\n\t\t\t\t\t\t\t<section class=\"elementor-element elementor-element-3aced56 elementor-section-full_width elementor-section-height-default elementor-section-height-default elementor-section elementor-top-section\" data-id=\"3aced56\" data-element_type=\"section\">\n\t\t\t\t\t\t<div class=\"elementor-container elementor-column-gap-no\">\n\t\t\t\t<div class=\"elementor-row\">\n\t\t\t\t<div class=\"elementor-element elementor-element-a578276 elementor-column elementor-col-100 elementor-top-column\" data-id=\"a578276\" data-element_type=\"column\">\n\t\t\t<div class=\"elementor-column-wrap  elementor-element-populated\">\n\t\t\t\t\t<div class=\"elementor-widget-wrap\">\n\t\t\t\t<div class=\"elementor-element elementor-element-6816842 elementor-widget elementor-widget-stage2\" data-id=\"6816842\" data-element_type=\"widget\" data-widget_type=\"stage2.default\">\n\t\t\t\t<div class=\"elementor-widget-container\">\n\t\t\t<div class='stage stage2'><div class='text_container'><h1  style='text-align: center'>Wellenreiten<br><span> in Sri Lanka <\/span><\/h1><\/div><img src=\"https:\/\/kimasurfsrilanka.com\/wp-content\/uploads\/2021\/09\/Sri-Lanka-Surf-Camp-Weligama-Lush-1_resized.jpg\" class=\"stageImage\"><\/div>\t\t<\/div>\n\t\t\t\t<\/div>\n\t\t\t\t\t\t<\/div>\n\t\t\t<\/div>\n\t\t<\/div>\n\t\t\t\t\t\t<\/div>\n\t\t\t<\/div>\n\t\t<\/section>\n\t\t\t\t<section class=\"elementor-element elementor-element-b24e426 animated-slow elementor-section-stretched elementor-section-boxed elementor-section-height-default elementor-section-height-default elementor-invisible elementor-section elementor-top-section\" data-id=\"b24e426\" data-element_type=\"section\" data-settings=\"{&quot;animation&quot;:&quot;fadeIn&quot;,&quot;stretch_section&quot;:&quot;section-stretched&quot;}\">\n\t\t\t\t\t\t<div class=\"elementor-container elementor-column-gap-default\">\n\t\t\t\t<div class=\"elementor-row\">\n\t\t\t\t<div class=\"elementor-element elementor-element-aaf1e29 elementor-column elementor-col-100 elementor-top-column\" data-id=\"aaf1e29\" data-element_type=\"column\">\n\t\t\t<div class=\"elementor-column-wrap  elementor-element-populated\">\n\t\t\t\t\t<div class=\"elementor-widget-wrap\">\n\t\t\t\t<div class=\"elementor-element elementor-element-5f09f85 elementor-widget elementor-widget-heading\" data-id=\"5f09f85\" data-element_type=\"widget\" data-widget_type=\"heading.default\">\n\t\t\t\t<div class=\"elementor-widget-container\">\n\t\t\t<h2 class=\"elementor-heading-title elementor-size-default\">WETTER<\/h2>\t\t<\/div>\n\t\t\t\t<\/div>\n\t\t\t\t<div class=\"elementor-element elementor-element-e077c91 elementor-widget elementor-widget-text-editor\" data-id=\"e077c91\" data-element_type=\"widget\" data-widget_type=\"text-editor.default\">\n\t\t\t\t<div class=\"elementor-widget-container\">\n\t\t\t\t\t<div class=\"elementor-text-editor elementor-clearfix\"><p>Sri Lanka ist das ganze Jahr hindurch ein toller Urlaubsort! Hochsaison ist zwischen Dezember und Mitte April, die Temperaturen sind das ganze Jahr hindurch ziemlich konstant. Zwischen Oktober und Februar bekommen der Westen und die S\u00fcdk\u00fcste die meiste Sonne ab, von Mai bis August ist das Wetter hingegen deutlich trockener und sonniger an der Ostk\u00fcste.<\/p>\n<p>&nbsp;<\/p>\n<p>Wellenreiten auf Sri Lanka ist f\u00fcr jedes Erfahrungsniveau vom blutigen Anf\u00e4nger bis zum Profi m\u00f6glich. Bei Wassertemperaturen von 26-30 \u00b0C kannst du das ganze Jahr hindurch surfen. Deinen Neoprenanzug l\u00e4sst du beim Surfurlaub in Sri Lanka zuhause.<\/p>\n<\/div>\n\t\t\t\t<\/div>\n\t\t\t\t<\/div>\n\t\t\t\t<div class=\"elementor-element elementor-element-52b7052 elementor-widget elementor-widget-jet-headline\" data-id=\"52b7052\" data-element_type=\"widget\" data-widget_type=\"jet-headline.default\">\n\t\t\t\t<div class=\"elementor-widget-container\">\n\t\t\t<h3 class=\"jet-headline jet-headline--direction-horizontal\"><span class=\"jet-headline__part jet-headline__first\"><span class=\"jet-headline__label\">BR\u00c4UCHE & <\/span><\/span><span class=\"jet-headline__space\">&nbsp;<\/span><span class=\"jet-headline__part jet-headline__second\"><span class=\"jet-headline__label\">KULTUR<\/span><\/span><\/h3>\t\t<\/div>\n\t\t\t\t<\/div>\n\t\t\t\t<div class=\"elementor-element elementor-element-8ee63ed elementor-widget elementor-widget-divider\" data-id=\"8ee63ed\" data-element_type=\"widget\" data-widget_type=\"divider.default\">\n\t\t\t\t<div class=\"elementor-widget-container\">\n\t\t\t\t\t<div class=\"elementor-divider\">\n\t\t\t<span class=\"elementor-divider-separator\">\n\t\t\t\t\t\t<\/span>\n\t\t<\/div>\n\t\t\t\t<\/div>\n\t\t\t\t<\/div>\n\t\t\t\t<div class=\"elementor-element elementor-element-b487311 elementor-widget elementor-widget-text-editor\" data-id=\"b487311\" data-element_type=\"widget\" data-widget_type=\"text-editor.default\">\n\t\t\t\t<div class=\"elementor-widget-container\">\n\t\t\t\t\t<div class=\"elementor-text-editor elementor-clearfix\"><p>Sri Lanka ist eine kleine tropische Insel vor der S\u00fcdk\u00fcste Indiens mit einer Bev\u00f6lkerung, die ihre jahrhundertealten Br\u00e4uche lebt und zelebriert. Traditionen haben einen hohen Stellenwert in der sri-lankischen Kultur. Viele der t\u00e4glichen Br\u00e4uche befassen sich mit dem Erbe der buddhistischen Theravada-Schule, die aus Indien hierher kam. Sri Lanka ist eine multikulturelle Gesellschaft, und so d\u00fcrfte es kaum \u00fcberraschen, dass hier sehr viele kulturelle und festliche Veranstaltungen stattfinden. Wir laden dich ein, hierherzukommen und die sri-lankische Kultur zu erleben!<\/p>\n<\/div>\n\t\t\t\t<\/div>\n\t\t\t\t<\/div>\n\t\t\t\t\t\t<\/div>\n\t\t\t<\/div>\n\t\t<\/div>\n\t\t\t\t\t\t<\/div>\n\t\t\t<\/div>\n\t\t<\/section>\n\t\t\t\t<section class=\"elementor-element elementor-element-1823f0d elementor-section-boxed elementor-section-height-default elementor-section-height-default elementor-section elementor-top-section\" data-id=\"1823f0d\" data-element_type=\"section\">\n\t\t\t\t\t\t<div class=\"elementor-container elementor-column-gap-default\">\n\t\t\t\t<div class=\"elementor-row\">\n\t\t\t\t<div class=\"elementor-element elementor-element-79d16c9 elementor-column elementor-col-33 elementor-top-column\" data-id=\"79d16c9\" data-element_type=\"column\">\n\t\t\t<div class=\"elementor-column-wrap  elementor-element-populated\">\n\t\t\t\t\t<div class=\"elementor-widget-wrap\">\n\t\t\t\t<div class=\"elementor-element elementor-element-6033e43 elementor-widget elementor-widget-image\" data-id=\"6033e43\" data-element_type=\"widget\" data-widget_type=\"image.default\">\n\t\t\t\t<div class=\"elementor-widget-container\">\n\t\t\t\t\t<div class=\"elementor-image\">\n\t\t\t\t\t\t\t\t\t\t<img width=\"1024\" height=\"683\" src=\"https:\/\/kimasurfsrilanka.com\/wp-content\/uploads\/2019\/09\/Sri-Lanka-Surf-Camp-Sri-Lanka-Street-Scenes-1-1024x683.jpg\" class=\"attachment-large size-large\" alt=\"\" loading=\"lazy\" srcset=\"https:\/\/kimasurfsrilanka.com\/wp-content\/uploads\/2019\/09\/Sri-Lanka-Surf-Camp-Sri-Lanka-Street-Scenes-1-1024x683.jpg 1024w, https:\/\/kimasurfsrilanka.com\/wp-content\/uploads\/2019\/09\/Sri-Lanka-Surf-Camp-Sri-Lanka-Street-Scenes-1-300x200.jpg 300w, https:\/\/kimasurfsrilanka.com\/wp-content\/uploads\/2019\/09\/Sri-Lanka-Surf-Camp-Sri-Lanka-Street-Scenes-1-768x512.jpg 768w, https:\/\/kimasurfsrilanka.com\/wp-content\/uploads\/2019\/09\/Sri-Lanka-Surf-Camp-Sri-Lanka-Street-Scenes-1-600x400.jpg 600w\" sizes=\"(max-width: 1024px) 100vw, 1024px\" \/>\t\t\t\t\t\t\t\t\t\t\t<\/div>\n\t\t\t\t<\/div>\n\t\t\t\t<\/div>\n\t\t\t\t\t\t<\/div>\n\t\t\t<\/div>\n\t\t<\/div>\n\t\t\t\t<div class=\"elementor-element elementor-element-0d5cf55 elementor-column elementor-col-66 elementor-top-column\" data-id=\"0d5cf55\" data-element_type=\"column\">\n\t\t\t<div class=\"elementor-column-wrap  elementor-element-populated\">\n\t\t\t\t\t<div class=\"elementor-widget-wrap\">\n\t\t\t\t<div class=\"elementor-element elementor-element-f34b232 elementor-widget elementor-widget-text-editor\" data-id=\"f34b232\" data-element_type=\"widget\" data-widget_type=\"text-editor.default\">\n\t\t\t\t<div class=\"elementor-widget-container\">\n\t\t\t\t\t<div class=\"elementor-text-editor elementor-clearfix\"><p class=\"p1\" style=\"text-align: center;\">TRADITION UND FREUNDLICHKEIT<\/p>\n<\/div>\n\t\t\t\t<\/div>\n\t\t\t\t<\/div>\n\t\t\t\t<div class=\"elementor-element elementor-element-20b8b8d elementor-widget elementor-widget-text-editor\" data-id=\"20b8b8d\" data-element_type=\"widget\" data-widget_type=\"text-editor.default\">\n\t\t\t\t<div class=\"elementor-widget-container\">\n\t\t\t\t\t<div class=\"elementor-text-editor elementor-clearfix\"><p class=\"p1\" style=\"text-align: center;\">Wenn du f\u00fcr neue Erfahrungen offen bist, wirst du in deinem Urlaub in Sri Lanka viele hinrei\u00dfende Menschen kennenlernen, die unglaubliche Sch\u00f6nheit der Natur entdecken und vielleicht sogar ein wenig von diesem Frieden und der Gelassenheit mit nachhause nehmen k\u00f6nnen.<\/p>\n<p>&nbsp;<\/p>\n<p class=\"p1\" style=\"text-align: center;\">Du musst die wundervolle Insel Sri Lanka bei einem Surfurlaub einfach erleben und ihren kulturellen und nat\u00fcrlichen Reichtum sch\u00e4tzen \u2013 und selbstverst\u00e4ndlich auch die perfekten Wellen. Halte die Augen offen und sei immer f\u00fcr neue Erfahrungen bereit. Dann erkennst du, dass Sri Lanka tats\u00e4chlich ein Paradies ist, und du wirst verstehen, warum wir es ein Zuhause nennen.<\/p>\n<\/div>\n\t\t\t\t<\/div>\n\t\t\t\t<\/div>\n\t\t\t\t\t\t<\/div>\n\t\t\t<\/div>\n\t\t<\/div>\n\t\t\t\t\t\t<\/div>\n\t\t\t<\/div>\n\t\t<\/section>\n\t\t\t\t\t\t<\/div>\n\t\t\t<\/div>\n\t\t<\/div>\n\t\t","protected":false},"excerpt":{"rendered":"<p>WETTER Sri Lanka ist das ganze Jahr hindurch ein toller Urlaubsort! Hochsaison ist zwischen Dezember und Mitte April, die Temperaturen sind das ganze Jahr hindurch ziemlich konstant. Zwischen Oktober und Februar bekommen der Westen und die S\u00fcdk\u00fcste die meiste Sonne ab, von Mai bis August ist das Wetter hingegen deutlich trockener und sonniger an der [&hellip;]<\/p>\n","protected":false},"author":4,"featured_media":0,"parent":0,"menu_order":0,"comment_status":"closed","ping_status":"closed","template":"elementor_header_footer","meta":{"_custom_body_class":"","_custom_post_class":""},"yoast_head":"<!-- This site is optimized with the Yoast SEO plugin v16.3 - https:\/\/yoast.com\/wordpress\/plugins\/seo\/ -->\n<title>Wellenreiten in Sri Lanka: Das Leben auf der Insel<\/title>\n<meta name=\"description\" content=\"Beim Wellenreiten in Sri Lanka entdeckst du eine besondere Insel. Erfahre mehr dar\u00fcber, was es hei\u00dft, in diesem kleinen Paradies zu leben!\" \/>\n<meta name=\"robots\" content=\"index, follow, max-snippet:-1, max-image-preview:large, max-video-preview:-1\" \/>\n<link rel=\"canonical\" href=\"https:\/\/kimasurfsrilanka.com\/de\/leben-auf-sri-lanka\/\" \/>\n<meta property=\"og:locale\" content=\"de_DE\" \/>\n<meta property=\"og:type\" content=\"article\" \/>\n<meta property=\"og:title\" content=\"Wellenreiten in Sri Lanka: Das Leben auf der Insel\" \/>\n<meta property=\"og:description\" content=\"Beim Wellenreiten in Sri Lanka entdeckst du eine besondere Insel. Erfahre mehr dar\u00fcber, was es hei\u00dft, in diesem kleinen Paradies zu leben!\" \/>\n<meta property=\"og:url\" content=\"https:\/\/kimasurfsrilanka.com\/de\/leben-auf-sri-lanka\/\" \/>\n<meta property=\"og:site_name\" content=\"KIMASURF 2019\" \/>\n<meta property=\"article:modified_time\" content=\"2026-01-24T05:22:48+00:00\" \/>\n<meta property=\"og:image\" content=\"https:\/\/kimasurfsrilanka.com\/wp-content\/uploads\/2019\/09\/Sri-Lanka-Surf-Camp-Sri-Lanka-Street-Scenes-1-1024x683.jpg\" \/>\n<meta name=\"twitter:card\" content=\"summary_large_image\" \/>\n<meta name=\"twitter:label1\" content=\"Est. reading time\">\n\t<meta name=\"twitter:data1\" content=\"2 minutes\">\n<script type=\"application\/ld+json\" class=\"yoast-schema-graph\">{\"@context\":\"https:\/\/schema.org\",\"@graph\":[{\"@type\":\"WebSite\",\"@id\":\"https:\/\/kimasurfsrilanka.com\/#website\",\"url\":\"https:\/\/kimasurfsrilanka.com\/\",\"name\":\"KIMASURF 2019\",\"description\":\"\",\"potentialAction\":[{\"@type\":\"SearchAction\",\"target\":\"https:\/\/kimasurfsrilanka.com\/?s={search_term_string}\",\"query-input\":\"required name=search_term_string\"}],\"inLanguage\":\"de-DE\"},{\"@type\":\"ImageObject\",\"@id\":\"https:\/\/kimasurfsrilanka.com\/de\/leben-auf-sri-lanka\/#primaryimage\",\"inLanguage\":\"de-DE\",\"url\":\"https:\/\/kimasurfsrilanka.com\/wp-content\/uploads\/2019\/09\/Sri-Lanka-Surf-Camp-Sri-Lanka-Street-Scenes-1.jpg\",\"contentUrl\":\"https:\/\/kimasurfsrilanka.com\/wp-content\/uploads\/2019\/09\/Sri-Lanka-Surf-Camp-Sri-Lanka-Street-Scenes-1.jpg\",\"width\":2500,\"height\":1667},{\"@type\":\"WebPage\",\"@id\":\"https:\/\/kimasurfsrilanka.com\/de\/leben-auf-sri-lanka\/#webpage\",\"url\":\"https:\/\/kimasurfsrilanka.com\/de\/leben-auf-sri-lanka\/\",\"name\":\"Wellenreiten in Sri Lanka: Das Leben auf der Insel\",\"isPartOf\":{\"@id\":\"https:\/\/kimasurfsrilanka.com\/#website\"},\"primaryImageOfPage\":{\"@id\":\"https:\/\/kimasurfsrilanka.com\/de\/leben-auf-sri-lanka\/#primaryimage\"},\"datePublished\":\"2019-09-17T14:28:33+00:00\",\"dateModified\":\"2026-01-24T05:22:48+00:00\",\"description\":\"Beim Wellenreiten in Sri Lanka entdeckst du eine besondere Insel. Erfahre mehr dar\\u00fcber, was es hei\\u00dft, in diesem kleinen Paradies zu leben!\",\"breadcrumb\":{\"@id\":\"https:\/\/kimasurfsrilanka.com\/de\/leben-auf-sri-lanka\/#breadcrumb\"},\"inLanguage\":\"de-DE\",\"potentialAction\":[{\"@type\":\"ReadAction\",\"target\":[\"https:\/\/kimasurfsrilanka.com\/de\/leben-auf-sri-lanka\/\"]}]},{\"@type\":\"BreadcrumbList\",\"@id\":\"https:\/\/kimasurfsrilanka.com\/de\/leben-auf-sri-lanka\/#breadcrumb\",\"itemListElement\":[{\"@type\":\"ListItem\",\"position\":1,\"item\":{\"@type\":\"WebPage\",\"@id\":\"https:\/\/kimasurfsrilanka.com\/de\/\",\"url\":\"https:\/\/kimasurfsrilanka.com\/de\/\",\"name\":\"Startseite\"}},{\"@type\":\"ListItem\",\"position\":2,\"item\":{\"@id\":\"https:\/\/kimasurfsrilanka.com\/de\/leben-auf-sri-lanka\/#webpage\"}}]}]}<\/script>\n<!-- \/ Yoast SEO plugin. -->","_links":{"self":[{"href":"https:\/\/kimasurfsrilanka.com\/de\/wp-json\/wp\/v2\/pages\/19072"}],"collection":[{"href":"https:\/\/kimasurfsrilanka.com\/de\/wp-json\/wp\/v2\/pages"}],"about":[{"href":"https:\/\/kimasurfsrilanka.com\/de\/wp-json\/wp\/v2\/types\/page"}],"author":[{"embeddable":true,"href":"https:\/\/kimasurfsrilanka.com\/de\/wp-json\/wp\/v2\/users\/4"}],"replies":[{"embeddable":true,"href":"https:\/\/kimasurfsrilanka.com\/de\/wp-json\/wp\/v2\/comments?post=19072"}],"version-history":[{"count":0,"href":"https:\/\/kimasurfsrilanka.com\/de\/wp-json\/wp\/v2\/pages\/19072\/revisions"}],"wp:attachment":[{"href":"https:\/\/kimasurfsrilanka.com\/de\/wp-json\/wp\/v2\/media?parent=19072"}],"curies":[{"name":"wp","href":"https:\/\/api.w.org\/{rel}","templated":true}]}}